{"id":17412,"date":"2022-05-11T09:01:22","date_gmt":"2022-05-11T09:01:22","guid":{"rendered":"https:\/\/www.inadesformation.net\/?page_id=17412"},"modified":"2022-05-11T10:13:52","modified_gmt":"2022-05-11T10:13:52","slug":"news-tchad","status":"publish","type":"page","link":"https:\/\/www.inadesformation.net\/en\/news-tchad\/","title":{"rendered":"News Tchad"},"content":{"rendered":"\t\t<div data-elementor-type=\"wp-page\" data-elementor-id=\"17412\" class=\"elementor elementor-17412 elementor-17411\" data-elementor-settings=\"[]\">\n\t\t\t\t\t\t<div class=\"elementor-inner\">\n\t\t\t\t\t\t\t<div class=\"elementor-section-wrap\">\n\t\t\t\t\t\t\t<section class=\"elementor-section elementor-top-section elementor-element elementor-element-6e14fe7 elementor-section-boxed elementor-section-height-default elementor-section-height-default\" data-id=\"6e14fe7\" data-element_type=\"section\" data-settings=\"{&quot;background_background&quot;:&quot;classic&quot;}\">\n\t\t\t\t\t\t<div class=\"elementor-container elementor-column-gap-wide\">\n\t\t\t\t\t\t\t<div class=\"elementor-row\">\n\t\t\t\t\t<div class=\"elementor-column elementor-col-100 elementor-top-column elementor-element elementor-element-87f378a\" data-id=\"87f378a\" data-element_type=\"column\">\n\t\t\t<div class=\"elementor-column-wrap elementor-element-populated\">\n\t\t\t\t\t\t\t<div class=\"elementor-widget-wrap\">\n\t\t\t\t\t\t<section class=\"elementor-section elementor-inner-section elementor-element elementor-element-d75f25c elementor-section-boxed elementor-section-height-default elementor-section-height-default\" data-id=\"d75f25c\" data-element_type=\"section\">\n\t\t\t\t\t\t<div class=\"elementor-container elementor-column-gap-default\">\n\t\t\t\t\t\t\t<div class=\"elementor-row\">\n\t\t\t\t\t<div class=\"elementor-column elementor-col-100 elementor-inner-column elementor-element elementor-element-0be7737\" data-id=\"0be7737\" data-element_type=\"column\">\n\t\t\t<div class=\"elementor-column-wrap elementor-element-populated\">\n\t\t\t\t\t\t\t<div class=\"elementor-widget-wrap\">\n\t\t\t\t\t\t<div class=\"elementor-element elementor-element-499f0f2 elementor-widget elementor-widget-heading\" data-id=\"499f0f2\" data-element_type=\"widget\" data-widget_type=\"heading.default\">\n\t\t\t\t<div class=\"elementor-widget-container\">\n\t\t\t<h2 class=\"elementor-heading-title elementor-size-default\">News Inades-Formation Tchad<\/h2>\t\t<\/div>\n\t\t\t\t<\/div>\n\t\t\t\t\t\t<\/div>\n\t\t\t\t\t<\/div>\n\t\t<\/div>\n\t\t\t\t\t\t\t\t<\/div>\n\t\t\t\t\t<\/div>\n\t\t<\/section>\n\t\t\t\t<section class=\"elementor-section elementor-inner-section elementor-element elementor-element-73a53fe elementor-section-boxed elementor-section-height-default elementor-section-height-default\" data-id=\"73a53fe\" data-element_type=\"section\">\n\t\t\t\t\t\t<div class=\"elementor-container elementor-column-gap-default\">\n\t\t\t\t\t\t\t<div class=\"elementor-row\">\n\t\t\t\t\t<div class=\"elementor-column elementor-col-100 elementor-inner-column elementor-element elementor-element-dfc1fe7\" data-id=\"dfc1fe7\" data-element_type=\"column\">\n\t\t\t<div class=\"elementor-column-wrap elementor-element-populated\">\n\t\t\t\t\t\t\t<div class=\"elementor-widget-wrap\">\n\t\t\t\t\t\t<div class=\"elementor-element elementor-element-4cff16c elementor-widget elementor-widget-pd-pcf\" data-id=\"4cff16c\" data-element_type=\"widget\" data-widget_type=\"pd-pcf.default\">\n\t\t\t\t<div class=\"elementor-widget-container\">\n\t\t\t<div\n\t        \t\tclass=\"pd-pcf-container pd-pcf-column-type-default\"\n\t        \t\tid=\"wbel_pd_pcf_pd_pcf4cff16c\"\n\t        \t\tdata-columns_per_row=\"3\"\n\t        \t\tdata-post_types=\"post\"\n\t        \t\tdata-tax_query=\"{&quot;0&quot;:{&quot;taxonomy&quot;:&quot;category&quot;,&quot;field&quot;:&quot;term_id&quot;,&quot;terms&quot;:[&quot;16&quot;]},&quot;relation&quot;:&quot;OR&quot;}\"\n\t        \t\tdata-posts_per_page=\"\"\n\t        \t\tdata-settings=\"{&quot;category_ids&quot;:[&quot;16&quot;],&quot;template_style&quot;:&quot;default&quot;,&quot;columns_per_row&quot;:3,&quot;read_more_text&quot;:&quot;Lire plus ....&quot;,&quot;post_types&quot;:&quot;post&quot;,&quot;posts_per_page&quot;:&quot;&quot;,&quot;thumbnail_size_size&quot;:&quot;custom&quot;,&quot;thumbnail_size_custom_dimension&quot;:{&quot;width&quot;:&quot;500&quot;,&quot;height&quot;:&quot;400&quot;},&quot;display_image&quot;:&quot;yes&quot;,&quot;id&quot;:&quot;pd_pcf4cff16c&quot;}\"\n\t        \t>\t\n\t        \t<div class=\"wbel-pd-pcf-category-container pd-pcf-filter-button-group\">\n\t        \t\t\t\t\t\t\t  <a href=\"#\" class=\"pd-pcf-filter-btn\" data-filter=\"*\">show all<\/a>\n\t\t\t\t\t    \t\t\t\t\t\t\t\t\t<a href=\"#\" class=\"pd-pcf-filter-btn\" data-filter=\".news-tchad-273\">News Tchad<\/a>\n\t\t\t\t\t\t\t  \t\n\t        \t<\/div>\n\t        <div\n\t\t        \t\tclass=\"wbel_pd_pcf_wrapper wbel_pd_pcf_default\"\n\t\t        \t><div class=\"pd_pcf_item pd-pcf-col-3 news-52 news-tchad-273 optional-en-2-323 uncategorized-39 \">\n\t<div class=\"pd_pcf_single_item\">\n\t\t\t<div class=\"pd_pcf_thumbnail\">\n\t\t\t<a href=\"https:\/\/www.inadesformation.net\/en\/chad-inades-formation-tchad-and-its-partners-espoir-and-adc-strengthen-the-skills-of-50-girls-and-women-in-building-electricity-for-their-professional-integration-in-the-province-of-mayo-kebbi-ou\/\">\n\t\t\t\t<img decoding=\"async\" src=\"https:\/\/www.inadesformation.net\/wp-content\/uploads\/elementor\/thumbs\/formation-50-filles-Tchad-riykkjs74v82jg63ymxuf4j25bwtsxgm5ab176lm00.png\" title=\"formation 50 filles Tchad\" alt=\"formation 50 filles Tchad\" \/>\t\t\t<\/a>\n\t\t<\/div>\n\t\t\t<div class=\"pd_pcf_content\">\n\n\t\t\t<div class=\"pd_pcf_title\">\n\t\t\t\t<h2><a href=\"https:\/\/www.inadesformation.net\/en\/chad-inades-formation-tchad-and-its-partners-espoir-and-adc-strengthen-the-skills-of-50-girls-and-women-in-building-electricity-for-their-professional-integration-in-the-province-of-mayo-kebbi-ou\/\">Chad &#8211; INADES &#8211; Formation Tchad and its partners ESPOIR and ADC strengthen the skills of 50 girls and women in building electricity for their professional integration in the province of Mayo -Kebbi Ouest.<\/a><\/h2>\n\t\t\t<\/div>\n\n\t\t\t<div class=\"pd_pcf_description\">\n\n\t\t\t\t<div class=\"pd_pcf_text\"><p>The consortium INADES - Formation Tchad, ONG Espoir and ADC organized a vocational training course in building electricity for 50 girls and women from five departments of the Mayo-Kebbi Ouest province. The training took place in an approved vocational structure,&hellip;<\/p>\n<\/div>\n\n\t\t\t\t\t\t\t\t\t<div class=\"pd_pcf_readmore\">\n\t\t\t\t\t\t<a class=\"pd_pcf_readmore_link\" href=\"https:\/\/www.inadesformation.net\/en\/chad-inades-formation-tchad-and-its-partners-espoir-and-adc-strengthen-the-skills-of-50-girls-and-women-in-building-electricity-for-their-professional-integration-in-the-province-of-mayo-kebbi-ou\/\">Lire plus ....<\/a>\n\t\t\t\t\t<\/div>\n\t\t\t\t\t\t\t<\/div>\n\t\t\n\t\t<\/div>\n\t<\/div>\n<\/div><div class=\"pd_pcf_item pd-pcf-col-3 news-52 news-tchad-273 optional-en-2-323 uncategorized-39 \">\n\t<div class=\"pd_pcf_single_item\">\n\t\t\t<div class=\"pd_pcf_thumbnail\">\n\t\t\t<a href=\"https:\/\/www.inadesformation.net\/en\/chad-empowering-women-20-young-women-trained-in-hotel-management-in-the-mayo-kebbi-west-province\/\">\n\t\t\t\t<img decoding=\"async\" src=\"https:\/\/www.inadesformation.net\/wp-content\/uploads\/elementor\/thumbs\/beneficiaires-Tchad-riyk4lgt53dvhpcc48oslngf6wjk5v4mabpcz495ls.png\" title=\"b\u00e9n\u00e9ficiaires Tchad\" alt=\"b\u00e9n\u00e9ficiaires Tchad\" \/>\t\t\t<\/a>\n\t\t<\/div>\n\t\t\t<div class=\"pd_pcf_content\">\n\n\t\t\t<div class=\"pd_pcf_title\">\n\t\t\t\t<h2><a href=\"https:\/\/www.inadesformation.net\/en\/chad-empowering-women-20-young-women-trained-in-hotel-management-in-the-mayo-kebbi-west-province\/\">Chad &#8211; Empowering women: 20 young women trained in hotel management in the Mayo-Kebbi West province<\/a><\/h2>\n\t\t\t<\/div>\n\n\t\t\t<div class=\"pd_pcf_description\">\n\n\t\t\t\t<div class=\"pd_pcf_text\"><p>As part of the implementation of the \"Women's Empowerment and the Demographic Dividend in Sub-Saharan Africa SWEED+\" project, the INADES-Formation Tchad, ONG Espoir and ADC consortium organized a 45-day vocational training course in hotel management for young girls and women&hellip;<\/p>\n<\/div>\n\n\t\t\t\t\t\t\t\t\t<div class=\"pd_pcf_readmore\">\n\t\t\t\t\t\t<a class=\"pd_pcf_readmore_link\" href=\"https:\/\/www.inadesformation.net\/en\/chad-empowering-women-20-young-women-trained-in-hotel-management-in-the-mayo-kebbi-west-province\/\">Lire plus ....<\/a>\n\t\t\t\t\t<\/div>\n\t\t\t\t\t\t\t<\/div>\n\t\t\n\t\t<\/div>\n\t<\/div>\n<\/div><div class=\"pd_pcf_item pd-pcf-col-3 news-52 news-cameroun-266 news-cote-divoire-268 news-general-secretariat-293 news-congo-267 news-tchad-273 optional-en-2-323 uncategorized-39 \">\n\t<div class=\"pd_pcf_single_item\">\n\t\t\t<div class=\"pd_pcf_thumbnail\">\n\t\t\t<a href=\"https:\/\/www.inadesformation.net\/en\/central-african-csos-strengthen-citizen-monitoring-of-the-un-decade-for-family-farming\/\">\n\t\t\t\t<img decoding=\"async\" src=\"https:\/\/www.inadesformation.net\/wp-content\/uploads\/elementor\/thumbs\/Image1-rd0h9lqh55d9vqkuor34kxm3ingdfyssj7lj5vobs0.png\" title=\"Image1\" alt=\"Image1\" \/>\t\t\t<\/a>\n\t\t<\/div>\n\t\t\t<div class=\"pd_pcf_content\">\n\n\t\t\t<div class=\"pd_pcf_title\">\n\t\t\t\t<h2><a href=\"https:\/\/www.inadesformation.net\/en\/central-african-csos-strengthen-citizen-monitoring-of-the-un-decade-for-family-farming\/\">Central African CSOs strengthen citizen monitoring of the UN Decade for Family Farming<\/a><\/h2>\n\t\t\t<\/div>\n\n\t\t\t<div class=\"pd_pcf_description\">\n\n\t\t\t\t<div class=\"pd_pcf_text\"><p>From September 23 to 25, 2025, the city of Kinshasa hosted the regional meeting of civil society platforms on citizen monitoring of the implementation of the United Nations Decade for Family Farming (UNDAF). Organized by INADES-Formation, with the support of&hellip;<\/p>\n<\/div>\n\n\t\t\t\t\t\t\t\t\t<div class=\"pd_pcf_readmore\">\n\t\t\t\t\t\t<a class=\"pd_pcf_readmore_link\" href=\"https:\/\/www.inadesformation.net\/en\/central-african-csos-strengthen-citizen-monitoring-of-the-un-decade-for-family-farming\/\">Lire plus ....<\/a>\n\t\t\t\t\t<\/div>\n\t\t\t\t\t\t\t<\/div>\n\t\t\n\t\t<\/div>\n\t<\/div>\n<\/div><div class=\"pd_pcf_item pd-pcf-col-3 news-52 news-tchad-273 optional-en-2-323 uncategorized-39 \">\n\t<div class=\"pd_pcf_single_item\">\n\t\t\t<div class=\"pd_pcf_thumbnail\">\n\t\t\t<a href=\"https:\/\/www.inadesformation.net\/en\/chad-world-food-day-fighting-poverty-and-food-insecurity\/\">\n\t\t\t\t<img decoding=\"async\" src=\"https:\/\/www.inadesformation.net\/wp-content\/uploads\/elementor\/thumbs\/JMA-Tchad-qwwc1eh9d6hdat3awl363972f64a705nl4o0ne5i1s.jpg\" title=\"JMA-Tchad\" alt=\"JMA-Tchad\" \/>\t\t\t<\/a>\n\t\t<\/div>\n\t\t\t<div class=\"pd_pcf_content\">\n\n\t\t\t<div class=\"pd_pcf_title\">\n\t\t\t\t<h2><a href=\"https:\/\/www.inadesformation.net\/en\/chad-world-food-day-fighting-poverty-and-food-insecurity\/\">Chad &#8211; World Food Day: fighting poverty and food insecurity<\/a><\/h2>\n\t\t\t<\/div>\n\n\t\t\t<div class=\"pd_pcf_description\">\n\n\t\t\t\t<div class=\"pd_pcf_text\"><p>The FAO in Chad celebrated the 44th World Food Day (WFD) on October 16, 2024 at the Maison de la Femme. The celebration of the 44th World Food Day 2024, which also marks the 79th anniversary of the FAO, was&hellip;<\/p>\n<\/div>\n\n\t\t\t\t\t\t\t\t\t<div class=\"pd_pcf_readmore\">\n\t\t\t\t\t\t<a class=\"pd_pcf_readmore_link\" href=\"https:\/\/www.inadesformation.net\/en\/chad-world-food-day-fighting-poverty-and-food-insecurity\/\">Lire plus ....<\/a>\n\t\t\t\t\t<\/div>\n\t\t\t\t\t\t\t<\/div>\n\t\t\n\t\t<\/div>\n\t<\/div>\n<\/div><div class=\"pd_pcf_item pd-pcf-col-3 advocacy-en-240 family_agriculture-81 food-system-en-80 news-52 news-burundi-53 news-cote-divoire-268 news-general-secretariat-293 news-kenya-269 news-congo-267 news-tchad-273 news-togo-272 optional-42 \">\n\t<div class=\"pd_pcf_single_item\">\n\t\t\t<div class=\"pd_pcf_thumbnail\">\n\t\t\t<a href=\"https:\/\/www.inadesformation.net\/en\/undaf-2012-2028-african-national-committees-for-family-farming-meet-in-senegal\/\">\n\t\t\t\t<img decoding=\"async\" src=\"https:\/\/www.inadesformation.net\/wp-content\/uploads\/elementor\/thumbs\/WhatsApp-Image-2022-10-25-at-19.03.37-1-qrx7vfqq0al1luml7wheryazpmvuxdensofyl7hvhc.jpeg\" title=\"WhatsApp Image 2022-10-25 at 19.03.37 (1)\" alt=\"WhatsApp Image 2022-10-25 at 19.03.37 (1)\" \/>\t\t\t<\/a>\n\t\t<\/div>\n\t\t\t<div class=\"pd_pcf_content\">\n\n\t\t\t<div class=\"pd_pcf_title\">\n\t\t\t\t<h2><a href=\"https:\/\/www.inadesformation.net\/en\/undaf-2012-2028-african-national-committees-for-family-farming-meet-in-senegal\/\">UNDAF 2019-2028: African National Committees for Family Farming meet in Senegal<\/a><\/h2>\n\t\t\t<\/div>\n\n\t\t\t<div class=\"pd_pcf_description\">\n\n\t\t\t\t<div class=\"pd_pcf_text\"><p>The 4th meeting of the African National Committees on Family Farming (CNAF) is being held in Saly Mbour, Senegal, from October 25 to 28, 2022. 23 CNAFs are taking part in the meeting, including several in which Inades-Formation is strongly&hellip;<\/p>\n<\/div>\n\n\t\t\t\t\t\t\t\t\t<div class=\"pd_pcf_readmore\">\n\t\t\t\t\t\t<a class=\"pd_pcf_readmore_link\" href=\"https:\/\/www.inadesformation.net\/en\/undaf-2012-2028-african-national-committees-for-family-farming-meet-in-senegal\/\">Lire plus ....<\/a>\n\t\t\t\t\t<\/div>\n\t\t\t\t\t\t\t<\/div>\n\t\t\n\t\t<\/div>\n\t<\/div>\n<\/div><\/div><\/div>\t\t<\/div>\n\t\t\t\t<\/div>\n\t\t\t\t\t\t<\/div>\n\t\t\t\t\t<\/div>\n\t\t<\/div>\n\t\t\t\t\t\t\t\t<\/div>\n\t\t\t\t\t<\/div>\n\t\t<\/section>\n\t\t\t\t\t\t<\/div>\n\t\t\t\t\t<\/div>\n\t\t<\/div>\n\t\t\t\t\t\t\t\t<\/div>\n\t\t\t\t\t<\/div>\n\t\t<\/section>\n\t\t\t\t<section class=\"elementor-section elementor-top-section elementor-element elementor-element-f6a5a1e elementor-hidden-phone elementor-section-boxed elementor-section-height-default elementor-section-height-default\" data-id=\"f6a5a1e\" data-element_type=\"section\">\n\t\t\t\t\t\t<div class=\"elementor-container elementor-column-gap-default\">\n\t\t\t\t\t\t\t<div class=\"elementor-row\">\n\t\t\t\t\t<div class=\"elementor-column elementor-col-100 elementor-top-column elementor-element elementor-element-9fb0d94\" data-id=\"9fb0d94\" data-element_type=\"column\">\n\t\t\t<div class=\"elementor-column-wrap elementor-element-populated\">\n\t\t\t\t\t\t\t<div class=\"elementor-widget-wrap\">\n\t\t\t\t\t\t<section class=\"elementor-section elementor-inner-section elementor-element elementor-element-de9e676 elementor-section-boxed elementor-section-height-default elementor-section-height-default\" data-id=\"de9e676\" data-element_type=\"section\">\n\t\t\t\t\t\t<div class=\"elementor-container elementor-column-gap-default\">\n\t\t\t\t\t\t\t<div class=\"elementor-row\">\n\t\t\t\t\t<div class=\"elementor-column elementor-col-100 elementor-inner-column elementor-element elementor-element-8f74979\" data-id=\"8f74979\" data-element_type=\"column\">\n\t\t\t<div class=\"elementor-column-wrap elementor-element-populated\">\n\t\t\t\t\t\t\t<div class=\"elementor-widget-wrap\">\n\t\t\t\t\t\t<div class=\"elementor-element elementor-element-a75021e elementor-widget__width-initial elementor-fixed elementor-widget elementor-widget-image\" data-id=\"a75021e\" data-element_type=\"widget\" data-settings=\"{&quot;_position&quot;:&quot;fixed&quot;}\" data-widget_type=\"image.default\">\n\t\t\t\t<div class=\"elementor-widget-container\">\n\t\t\t\t\t<div class=\"elementor-image\">\n\t\t\t\t\t\t\t\t\t\t<img decoding=\"async\" src=\"https:\/\/www.inadesformation.net\/wp-content\/uploads\/elementor\/thumbs\/LOGO-FONDAFRICA-e1638816653443-qs7hzfv99df4xsq39u64nqs222wl9jpmlv32g6y98g.png\" title=\"FONDAFRICA LOGO\" alt=\"FONDAFRICA LOGO\" \/>\t\t\t\t\t\t\t\t\t\t\t<\/div>\n\t\t\t\t<\/div>\n\t\t\t\t<\/div>\n\t\t\t\t<div class=\"elementor-element elementor-element-323ec43 elementor-widget__width-inherit elementor-fixed elementor-hidden-tablet elementor-hidden-phone elementor-widget elementor-widget-heading\" data-id=\"323ec43\" data-element_type=\"widget\" data-settings=\"{&quot;_position&quot;:&quot;fixed&quot;}\" data-widget_type=\"heading.default\">\n\t\t\t\t<div class=\"elementor-widget-container\">\n\t\t\t<h2 class=\"elementor-heading-title elementor-size-default\">FONDAFRICA : I give for a prosperous african rural world<\/h2>\t\t<\/div>\n\t\t\t\t<\/div>\n\t\t\t\t<div class=\"elementor-element elementor-element-76c5740 elementor-widget__width-inherit elementor-fixed elementor-hidden-desktop elementor-widget elementor-widget-heading\" data-id=\"76c5740\" data-element_type=\"widget\" data-settings=\"{&quot;_position&quot;:&quot;fixed&quot;}\" data-widget_type=\"heading.default\">\n\t\t\t\t<div class=\"elementor-widget-container\">\n\t\t\t<h2 class=\"elementor-heading-title elementor-size-default\">FONDAFRICA <\/h2>\t\t<\/div>\n\t\t\t\t<\/div>\n\t\t\t\t<div class=\"elementor-element elementor-element-ef4df0f elementor-widget__width-initial elementor-fixed elementor-align-justify elementor-widget elementor-widget-button\" data-id=\"ef4df0f\" data-element_type=\"widget\" data-settings=\"{&quot;_position&quot;:&quot;fixed&quot;}\" data-widget_type=\"button.default\">\n\t\t\t\t<div class=\"elementor-widget-container\">\n\t\t\t\t\t<div class=\"elementor-button-wrapper\">\n\t\t\t<a href=\"#elementor-action%3Aaction%3Dpopup%3Aopen%26settings%3DeyJpZCI6IjE1Mzk2IiwidG9nZ2xlIjpmYWxzZX0%3D\" class=\"elementor-button-link elementor-button elementor-size-sm\" role=\"button\">\n\t\t\t\t\t\t<span class=\"elementor-button-content-wrapper\">\n\t\t\t\t\t\t<span class=\"elementor-button-text\">I want to know<\/span>\n\t\t<\/span>\n\t\t\t\t\t<\/a>\n\t\t<\/div>\n\t\t\t\t<\/div>\n\t\t\t\t<\/div>\n\t\t\t\t<div class=\"elementor-element elementor-element-46e30d3 elementor-widget__width-initial elementor-fixed elementor-align-justify elementor-widget elementor-widget-button\" data-id=\"46e30d3\" data-element_type=\"widget\" data-settings=\"{&quot;_position&quot;:&quot;fixed&quot;}\" data-widget_type=\"button.default\">\n\t\t\t\t<div class=\"elementor-widget-container\">\n\t\t\t\t\t<div class=\"elementor-button-wrapper\">\n\t\t\t<a href=\"#elementor-action%3Aaction%3Dpopup%3Aopen%26settings%3DeyJpZCI6IjE1Mzk0IiwidG9nZ2xlIjpmYWxzZX0%3D\" class=\"elementor-button-link elementor-button elementor-size-sm\" role=\"button\">\n\t\t\t\t\t\t<span class=\"elementor-button-content-wrapper\">\n\t\t\t\t\t\t<span class=\"elementor-button-text\">I make a donation<\/span>\n\t\t<\/span>\n\t\t\t\t\t<\/a>\n\t\t<\/div>\n\t\t\t\t<\/div>\n\t\t\t\t<\/div>\n\t\t\t\t\t\t<\/div>\n\t\t\t\t\t<\/div>\n\t\t<\/div>\n\t\t\t\t\t\t\t\t<\/div>\n\t\t\t\t\t<\/div>\n\t\t<\/section>\n\t\t\t\t\t\t<\/div>\n\t\t\t\t\t<\/div>\n\t\t<\/div>\n\t\t\t\t\t\t\t\t<\/div>\n\t\t\t\t\t<\/div>\n\t\t<\/section>\n\t\t\t\t\t\t<\/div>\n\t\t\t\t\t\t<\/div>\n\t\t\t\t\t<\/div>\n\t\t","protected":false},"excerpt":{"rendered":"<p>News Inades-Formation Tchad show all Actualit\u00e9s Tchad Tchad- Mobilisation autour du projet de repositionnement des vivres de souverainet\u00e9 Dans le cadre de la mise en \u0153uvre du projet \u00ab Accompagnement du repositionnement des vivres de souverainet\u00e9 dans une dynamique de d\u00e9veloppement territorial pour une alimentation suffisante, saine et durable des populations au Sud du Sahara\u00bb, [&hellip;]<\/p>\n","protected":false},"author":2,"featured_media":0,"parent":0,"menu_order":0,"comment_status":"closed","ping_status":"closed","template":"","meta":{"_bbp_topic_count":0,"_bbp_reply_count":0,"_bbp_total_topic_count":0,"_bbp_total_reply_count":0,"_bbp_voice_count":0,"_bbp_anonymous_reply_count":0,"_bbp_topic_count_hidden":0,"_bbp_reply_count_hidden":0,"_bbp_forum_subforum_count":0,"footnotes":""},"class_list":["post-17412","page","type-page","status-publish","hentry"],"_links":{"self":[{"href":"https:\/\/www.inadesformation.net\/en\/wp-json\/wp\/v2\/pages\/17412","targetHints":{"allow":["GET"]}}],"collection":[{"href":"https:\/\/www.inadesformation.net\/en\/wp-json\/wp\/v2\/pages"}],"about":[{"href":"https:\/\/www.inadesformation.net\/en\/wp-json\/wp\/v2\/types\/page"}],"author":[{"embeddable":true,"href":"https:\/\/www.inadesformation.net\/en\/wp-json\/wp\/v2\/users\/2"}],"replies":[{"embeddable":true,"href":"https:\/\/www.inadesformation.net\/en\/wp-json\/wp\/v2\/comments?post=17412"}],"version-history":[{"count":0,"href":"https:\/\/www.inadesformation.net\/en\/wp-json\/wp\/v2\/pages\/17412\/revisions"}],"wp:attachment":[{"href":"https:\/\/www.inadesformation.net\/en\/wp-json\/wp\/v2\/media?parent=17412"}],"curies":[{"name":"wp","href":"https:\/\/api.w.org\/{rel}","templated":true}]}}